{"id":2053,"date":"2021-02-03T10:43:01","date_gmt":"2021-02-03T09:43:01","guid":{"rendered":"https:\/\/www.arechimultiservice.it\/old\/?page_id=2053"},"modified":"2021-09-13T12:31:34","modified_gmt":"2021-09-13T10:31:34","slug":"storia","status":"publish","type":"page","link":"https:\/\/www.arechimultiservice.it\/old\/?page_id=2053","title":{"rendered":"Storia"},"content":{"rendered":"<p>[vc_row type=&#8221;vc_default&#8221; css=&#8221;.vc_custom_1476008791393{padding-top: 70px !important;padding-bottom: 25px !important;}&#8221;][vc_column offset=&#8221;vc_col-lg-6 vc_col-md-6 vc_col-xs-12&#8243; css=&#8221;.vc_custom_1476005293248{padding-bottom: 50px !important;}&#8221;]<div id=\"ultimate-heading-633769fb458465ebd\" class=\"uvc-heading ult-adjust-bottom-margin ultimate-heading-633769fb458465ebd uvc-2333 \" data-hspacer=\"no_spacer\"  data-halign=\"left\" style=\"text-align:left\"><div class=\"uvc-heading-spacer no_spacer\" style=\"top\"><\/div><div class=\"uvc-main-heading ult-responsive\"  data-ultimate-target='.uvc-heading.ultimate-heading-633769fb458465ebd h2'  data-responsive-json-new='{\"font-size\":\"desktop:26px;\",\"line-height\":\"desktop:32px;\"}' ><h2 style=\"font-weight:bold;margin-bottom:20px;\">ARECHI MULTISERVICE SpA<\/h2><\/div><\/div>[vc_column_text]<\/p>\n<p style=\"text-align: justify;\">La <strong>Arechi Multiservice SpA<\/strong>, Societ\u00e0 unipersonale in house della Provincia di Salerno (che esercita direzione e coordinamento), \u00e8 stata costituita a norma della Legge 142\/90, con finalit\u00e0 di utilizzare lavoratori ex LSU, promuovere nuova occupazione e prestare servizi alla Provincia. La Societ\u00e0 fornisce servizi di qualit\u00e0, a costi contenuti e concorrenziali, utilizzando materiali affidabili ed ecocompatibili.<\/p>\n<p><strong><span style=\"font-family: Verdana, Arial, Helvetica, sans-serif; font-size: small;\">Tra i suoi scopi sociali:<\/span><\/strong>[\/vc_column_text][vc_progress_bar values=&#8221;%5B%7B%22label%22%3A%22%20gestione%20di%20servizi%3B%22%2C%22value%22%3A%22100%22%7D%2C%7B%22label%22%3A%22manutenzione%20di%20scuole%2C%20strade%20e%20spazi%20pubblici%3B%22%2C%22value%22%3A%22100%22%7D%2C%7B%22label%22%3A%22controllo%20del%20rendimento%20e%20della%20combustione%20degli%20impianti%20termici%3B%22%2C%22value%22%3A%22100%22%7D%2C%7B%22label%22%3A%22vigilanza%20dei%20musei%20provinciali%3B%22%2C%22value%22%3A%22100%22%7D%2C%7B%22label%22%3A%22istruttoria%20delle%20concessioni%20acque%20e%20riscossioni%20canoni%3B%22%2C%22value%22%3A%22100%22%7D%2C%7B%22label%22%3A%22collaborazione%20tecnico-consulenziale%20pratiche%20espropri%3B%22%2C%22value%22%3A%22100%22%7D%2C%7B%22label%22%3A%22studio%20di%20tecniche%20eco-compatibili%20per%20il%20risparmio%20energetico.%22%2C%22value%22%3A%22100%22%7D%5D&#8221; options=&#8221;striped,animated&#8221; caption_pos=&#8221;top&#8221;][\/vc_column][vc_column offset=&#8221;vc_col-lg-6 vc_col-md-6 vc_col-xs-12&#8243; css=&#8221;.vc_custom_1476005300152{padding-bottom: 50px !important;}&#8221;]<div id=\"ultimate-heading-974069fb458465f25\" class=\"uvc-heading ult-adjust-bottom-margin ultimate-heading-974069fb458465f25 uvc-430 \" data-hspacer=\"no_spacer\"  data-halign=\"left\" style=\"text-align:left\"><div class=\"uvc-heading-spacer no_spacer\" style=\"top\"><\/div><div class=\"uvc-main-heading ult-responsive\"  data-ultimate-target='.uvc-heading.ultimate-heading-974069fb458465f25 h2'  data-responsive-json-new='{\"font-size\":\"desktop:26px;\",\"line-height\":\"desktop:32px;\"}' ><h2 style=\"font-weight:bold;margin-bottom:20px;\">PRESENTE E PROSPETTIVE<\/h2><\/div><\/div>[vc_column_text]<\/p>\n<p style=\"text-align: justify;\">La Arechi Multiservice SpA, con 91 dipendenti, ha una struttura operativa specializzata e flessibile, in grado di intervenire con efficienza, rapidit\u00e0 e qualit\u00e0, assicurando buona conservazione e funzionalit\u00e0 delle strutture, specialmente di quelle ad alto uso, evitandone il rapido degrado.<\/p>\n<p style=\"text-align: justify;\">La Societ\u00e0 ha attualmente in corso:<\/p>\n<ul style=\"text-align: justify;\">\n<li>collaborazioni con Istituti Universitari per stage di giovani orientati alla specializzazione nelle manutenzioni;<\/li>\n<li>intese di programma con Societ\u00e0 similari dell&#8217;area campana, per meglio ottimizzare le proprie attivit\u00e0;<\/li>\n<li>progettazione del cosiddetto &#8220;edificio intelligente&#8221;;<\/li>\n<li>attivazione del controllo degli impianti termici, anche a tutela dell&#8217;ambiente e della sicurezza dell&#8217;utenza.<\/li>\n<\/ul>\n<p style=\"text-align: justify;\">La societ\u00e0 ha come obiettivo la creazione di un&#8217;impresa di global-service, particolarmente orientata verso la gestione del patrimonio provinciale, con l&#8217;implementazione di nuove metodologie e tecnologie. In questa ottica la Societ\u00e0 sta sviluppando una partnership con comunit\u00e0 scientifiche.<\/p>\n<p>[\/vc_column_text][\/vc_column][\/vc_row]<\/p>\n","protected":false},"excerpt":{"rendered":"<p>[vc_row type=&#8221;vc_default&#8221; css=&#8221;.vc_custom_1476008791393{padding-top: 70px !important;padding-bottom: 25px !important;}&#8221;][vc_column offset=&#8221;vc_col-lg-6 vc_col-md-6 vc_col-xs-12&#8243; css=&#8221;.vc_custom_1476005293248{padding-bottom: 50px !important;}&#8221;][vc_column_text] La Arechi Multiservice SpA, Societ\u00e0 unipersonale in house della Provincia di Salerno (che esercita direzione e coordinamento), \u00e8 stata costituita a norma della Legge 142\/90, con finalit\u00e0 di utilizzare lavoratori ex LSU, promuovere nuova occupazione e prestare servizi alla Provincia. La Societ\u00e0&hellip;<\/p>\n","protected":false},"author":1,"featured_media":0,"parent":0,"menu_order":0,"comment_status":"closed","ping_status":"closed","template":"","meta":{"footnotes":""},"yoast_head":"<!-- This site is optimized with the Yoast SEO plugin v16.5 - https:\/\/yoast.com\/wordpress\/plugins\/seo\/ -->\r\n<title>Storia | Arechi Multiservice<\/title>\r\n<meta name=\"robots\" content=\"noindex, follow, max-snippet:-1, max-image-preview:large, max-video-preview:-1\" \/>\r\n<meta property=\"og:locale\" content=\"it_IT\" \/>\r\n<meta property=\"og:type\" content=\"article\" \/>\r\n<meta property=\"og:title\" content=\"Storia | Arechi Multiservice\" \/>\r\n<meta property=\"og:description\" content=\"[vc_row type=&#8221;vc_default&#8221; css=&#8221;.vc_custom_1476008791393{padding-top: 70px !important;padding-bottom: 25px !important;}&#8221;][vc_column offset=&#8221;vc_col-lg-6 vc_col-md-6 vc_col-xs-12&#8243; css=&#8221;.vc_custom_1476005293248{padding-bottom: 50px !important;}&#8221;][vc_column_text] La Arechi Multiservice SpA, Societ\u00e0 unipersonale in house della Provincia di Salerno (che esercita direzione e coordinamento), \u00e8 stata costituita a norma della Legge 142\/90, con finalit\u00e0 di utilizzare lavoratori ex LSU, promuovere nuova occupazione e prestare servizi alla Provincia. La Societ\u00e0&hellip;\" \/>\r\n<meta property=\"og:url\" content=\"https:\/\/www.arechimultiservice.it\/old\/?page_id=2053\" \/>\r\n<meta property=\"og:site_name\" content=\"Arechi Multiservice\" \/>\r\n<meta property=\"article:publisher\" content=\"https:\/\/www.facebook.com\/arechimultiservicespa\/?ref=bookmarks\" \/>\r\n<meta property=\"article:modified_time\" content=\"2021-09-13T10:31:34+00:00\" \/>\r\n<meta name=\"twitter:card\" content=\"summary_large_image\" \/>\r\n<meta name=\"twitter:label1\" content=\"Tempo di lettura stimato\" \/>\n\t<meta name=\"twitter:data1\" content=\"2 minuti\" \/>\r\n<script type=\"application\/ld+json\" class=\"yoast-schema-graph\">{\"@context\":\"https:\/\/schema.org\",\"@graph\":[{\"@type\":\"Organization\",\"@id\":\"https:\/\/www.arechimultiservice.it\/old\/#organization\",\"name\":\"Arechi Multiservice SpA\",\"url\":\"https:\/\/www.arechimultiservice.it\/old\/\",\"sameAs\":[\"https:\/\/www.facebook.com\/arechimultiservicespa\/?ref=bookmarks\"],\"logo\":{\"@type\":\"ImageObject\",\"@id\":\"https:\/\/www.arechimultiservice.it\/old\/#logo\",\"inLanguage\":\"it-IT\",\"url\":\"https:\/\/www.arechimultiservice.it\/old\/wp-content\/uploads\/2021\/01\/logo-arechi-multiservice.png\",\"contentUrl\":\"https:\/\/www.arechimultiservice.it\/old\/wp-content\/uploads\/2021\/01\/logo-arechi-multiservice.png\",\"width\":224,\"height\":80,\"caption\":\"Arechi Multiservice SpA\"},\"image\":{\"@id\":\"https:\/\/www.arechimultiservice.it\/old\/#logo\"}},{\"@type\":\"WebSite\",\"@id\":\"https:\/\/www.arechimultiservice.it\/old\/#website\",\"url\":\"https:\/\/www.arechimultiservice.it\/old\/\",\"name\":\"Arechi Multiservice\",\"description\":\"Societ\\u00e0 in house della Provincia di Salerno\",\"publisher\":{\"@id\":\"https:\/\/www.arechimultiservice.it\/old\/#organization\"},\"potentialAction\":[{\"@type\":\"SearchAction\",\"target\":\"https:\/\/www.arechimultiservice.it\/old\/?s={search_term_string}\",\"query-input\":\"required name=search_term_string\"}],\"inLanguage\":\"it-IT\"},{\"@type\":\"WebPage\",\"@id\":\"https:\/\/www.arechimultiservice.it\/old\/?page_id=2053#webpage\",\"url\":\"https:\/\/www.arechimultiservice.it\/old\/?page_id=2053\",\"name\":\"Storia | Arechi Multiservice\",\"isPartOf\":{\"@id\":\"https:\/\/www.arechimultiservice.it\/old\/#website\"},\"datePublished\":\"2021-02-03T09:43:01+00:00\",\"dateModified\":\"2021-09-13T10:31:34+00:00\",\"breadcrumb\":{\"@id\":\"https:\/\/www.arechimultiservice.it\/old\/?page_id=2053#breadcrumb\"},\"inLanguage\":\"it-IT\",\"potentialAction\":[{\"@type\":\"ReadAction\",\"target\":[\"https:\/\/www.arechimultiservice.it\/old\/?page_id=2053\"]}]},{\"@type\":\"BreadcrumbList\",\"@id\":\"https:\/\/www.arechimultiservice.it\/old\/?page_id=2053#breadcrumb\",\"itemListElement\":[{\"@type\":\"ListItem\",\"position\":1,\"name\":\"Home\",\"item\":\"https:\/\/www.arechimultiservice.it\/old\/\"},{\"@type\":\"ListItem\",\"position\":2,\"name\":\"Storia\"}]}]}<\/script>\r\n<!-- \/ Yoast SEO plugin. -->","_links":{"self":[{"href":"https:\/\/www.arechimultiservice.it\/old\/index.php?rest_route=\/wp\/v2\/pages\/2053"}],"collection":[{"href":"https:\/\/www.arechimultiservice.it\/old\/index.php?rest_route=\/wp\/v2\/pages"}],"about":[{"href":"https:\/\/www.arechimultiservice.it\/old\/index.php?rest_route=\/wp\/v2\/types\/page"}],"author":[{"embeddable":true,"href":"https:\/\/www.arechimultiservice.it\/old\/index.php?rest_route=\/wp\/v2\/users\/1"}],"replies":[{"embeddable":true,"href":"https:\/\/www.arechimultiservice.it\/old\/index.php?rest_route=%2Fwp%2Fv2%2Fcomments&post=2053"}],"version-history":[{"count":2,"href":"https:\/\/www.arechimultiservice.it\/old\/index.php?rest_route=\/wp\/v2\/pages\/2053\/revisions"}],"predecessor-version":[{"id":87841,"href":"https:\/\/www.arechimultiservice.it\/old\/index.php?rest_route=\/wp\/v2\/pages\/2053\/revisions\/87841"}],"wp:attachment":[{"href":"https:\/\/www.arechimultiservice.it\/old\/index.php?rest_route=%2Fwp%2Fv2%2Fmedia&parent=2053"}],"curies":[{"name":"wp","href":"https:\/\/api.w.org\/{rel}","templated":true}]}}