{"id":2024,"date":"2020-11-12T11:47:36","date_gmt":"2020-11-12T10:47:36","guid":{"rendered":"https:\/\/www.arechimultiservice.it\/old\/?page_id=2024"},"modified":"2023-06-06T10:55:05","modified_gmt":"2023-06-06T08:55:05","slug":"verifiche-impianti-termici","status":"publish","type":"page","link":"https:\/\/www.arechimultiservice.it\/old\/?page_id=2024","title":{"rendered":"Verifiche Impianti Termici"},"content":{"rendered":"<p>[vc_row][vc_column][vc_column_text]<\/p>\n<p style=\"text-align: left;\"><strong>Responsabile: Arch. Lorena Della Monica<\/strong><br \/>\nTel: 335 7553426<br \/>\n<strong>UFFICI VIT: 089 3061132 \/ 089 3061039<\/strong><br \/>\nEmail:\u00a0<a href=\"mailto:l.dellamonica@arechimultiservice.it\">l.dellamonica@arechimultiservice.it<\/a><br \/>\nPEC: <a href=\"mailto:l.dellamonica@pec.arechimultiservice.it\">l.dellamonica@pec.arechimultiservice.it<\/a><\/p>\n<p>[\/vc_column_text][\/vc_column][\/vc_row][vc_row][vc_column][vc_column_text]<\/p>\n<p style=\"text-align: justify;\">Ai sensi della vigente normativa, l\u2019ente Provincia di Salerno \u00e8 autorit\u00e0 competente in materia di esercizio, controllo e manutenzione degli impianti termici. In collaborazione con la Arechi Multiservice Spa,\u00a0dal 2004\u00a0esercita\u00a0l\u2019attivit\u00e0 di accertamento ed ispezione degli impianti presenti nei 153 Comuni del proprio territorio aventi popolazione inferiore a 40.000 abitanti\u00a0(sono esclusi i comuni di Battipaglia, Cava dei Tirreni, Nocera Inferiore,\u00a0Salerno e\u00a0Scafati).<\/p>\n<p style=\"text-align: justify;\">Dal 2020, in ossequio a quanto previsto dall\u2019art. 15, c. 3 della Legge Regionale 20 novembre 2018, n. 39 \u201c<em>Norme in materia di impianti termici e di certificazione energetica degli edifici&#8221;<\/em>, \u00e8 stato adottato un nuovo catasto degli impianti termici che consente l&#8217;accesso ai soggetti esterni che ne abbiano titolo (installatori, manutentori, responsabili impianto, fornitori di combustibile, ecc.) e permette di gestire, per via telematica, un\u2019ampia serie di attivit\u00e0 e comunicazioni (trasmissione documenti, pagamento segni identificativi, ecc.).<\/p>\n<p style=\"text-align: justify;\" align=\"center\">Il catasto \u00e8 finalizzato al censimento degli impianti termici per la climatizzazione invernale ed estiva degli edifici ed alla gestione di tutte le connesse attivit\u00e0 circa lo stato degli impianti nonch\u00e9 controllo, accertamento ed ispezione. Considerata la specificit\u00e0 delle attivit\u00e0 svolte si demanda ogni consultazione al portale web disponibile alla pagina <a href=\"https:\/\/portal.salerno.iter-web.it\/\"><strong><em>https:\/\/portal.salerno.iter-web.it\/<\/em><\/strong><\/a><em>.<\/em><\/p>\n<p>[\/vc_column_text][\/vc_column][\/vc_row]<\/p>\n","protected":false},"excerpt":{"rendered":"<p>[vc_row][vc_column][vc_column_text] Responsabile: Arch. Lorena Della Monica Tel: 335 7553426 UFFICI VIT: 089 3061132 \/ 089 3061039 Email:\u00a0l.dellamonica@arechimultiservice.it PEC: l.dellamonica@pec.arechimultiservice.it [\/vc_column_text][\/vc_column][\/vc_row][vc_row][vc_column][vc_column_text] Ai sensi della vigente normativa, l\u2019ente Provincia di Salerno \u00e8 autorit\u00e0 competente in materia di esercizio, controllo e manutenzione degli impianti termici. In collaborazione con la Arechi Multiservice Spa,\u00a0dal 2004\u00a0esercita\u00a0l\u2019attivit\u00e0 di accertamento ed ispezione degli&hellip;<\/p>\n","protected":false},"author":1,"featured_media":0,"parent":1605,"menu_order":0,"comment_status":"closed","ping_status":"closed","template":"","meta":{"footnotes":""},"yoast_head":"<!-- This site is optimized with the Yoast SEO plugin v16.5 - https:\/\/yoast.com\/wordpress\/plugins\/seo\/ -->\r\n<title>Verifiche Impianti Termici | Arechi Multiservice<\/title>\r\n<meta name=\"robots\" content=\"noindex, follow, max-snippet:-1, max-image-preview:large, max-video-preview:-1\" \/>\r\n<meta property=\"og:locale\" content=\"it_IT\" \/>\r\n<meta property=\"og:type\" content=\"article\" \/>\r\n<meta property=\"og:title\" content=\"Verifiche Impianti Termici | Arechi Multiservice\" \/>\r\n<meta property=\"og:description\" content=\"[vc_row][vc_column][vc_column_text] Responsabile: Arch. Lorena Della Monica Tel: 335 7553426 UFFICI VIT: 089 3061132 \/ 089 3061039 Email:\u00a0l.dellamonica@arechimultiservice.it PEC: l.dellamonica@pec.arechimultiservice.it [\/vc_column_text][\/vc_column][\/vc_row][vc_row][vc_column][vc_column_text] Ai sensi della vigente normativa, l\u2019ente Provincia di Salerno \u00e8 autorit\u00e0 competente in materia di esercizio, controllo e manutenzione degli impianti termici. In collaborazione con la Arechi Multiservice Spa,\u00a0dal 2004\u00a0esercita\u00a0l\u2019attivit\u00e0 di accertamento ed ispezione degli&hellip;\" \/>\r\n<meta property=\"og:url\" content=\"https:\/\/www.arechimultiservice.it\/old\/?page_id=2024\" \/>\r\n<meta property=\"og:site_name\" content=\"Arechi Multiservice\" \/>\r\n<meta property=\"article:publisher\" content=\"https:\/\/www.facebook.com\/arechimultiservicespa\/?ref=bookmarks\" \/>\r\n<meta property=\"article:modified_time\" content=\"2023-06-06T08:55:05+00:00\" \/>\r\n<meta name=\"twitter:card\" content=\"summary_large_image\" \/>\r\n<meta name=\"twitter:label1\" content=\"Tempo di lettura stimato\" \/>\n\t<meta name=\"twitter:data1\" content=\"1 minuto\" \/>\r\n<script type=\"application\/ld+json\" class=\"yoast-schema-graph\">{\"@context\":\"https:\/\/schema.org\",\"@graph\":[{\"@type\":\"Organization\",\"@id\":\"https:\/\/www.arechimultiservice.it\/old\/#organization\",\"name\":\"Arechi Multiservice SpA\",\"url\":\"https:\/\/www.arechimultiservice.it\/old\/\",\"sameAs\":[\"https:\/\/www.facebook.com\/arechimultiservicespa\/?ref=bookmarks\"],\"logo\":{\"@type\":\"ImageObject\",\"@id\":\"https:\/\/www.arechimultiservice.it\/old\/#logo\",\"inLanguage\":\"it-IT\",\"url\":\"https:\/\/www.arechimultiservice.it\/old\/wp-content\/uploads\/2021\/01\/logo-arechi-multiservice.png\",\"contentUrl\":\"https:\/\/www.arechimultiservice.it\/old\/wp-content\/uploads\/2021\/01\/logo-arechi-multiservice.png\",\"width\":224,\"height\":80,\"caption\":\"Arechi Multiservice SpA\"},\"image\":{\"@id\":\"https:\/\/www.arechimultiservice.it\/old\/#logo\"}},{\"@type\":\"WebSite\",\"@id\":\"https:\/\/www.arechimultiservice.it\/old\/#website\",\"url\":\"https:\/\/www.arechimultiservice.it\/old\/\",\"name\":\"Arechi Multiservice\",\"description\":\"Societ\\u00e0 in house della Provincia di Salerno\",\"publisher\":{\"@id\":\"https:\/\/www.arechimultiservice.it\/old\/#organization\"},\"potentialAction\":[{\"@type\":\"SearchAction\",\"target\":\"https:\/\/www.arechimultiservice.it\/old\/?s={search_term_string}\",\"query-input\":\"required name=search_term_string\"}],\"inLanguage\":\"it-IT\"},{\"@type\":\"WebPage\",\"@id\":\"https:\/\/www.arechimultiservice.it\/old\/?page_id=2024#webpage\",\"url\":\"https:\/\/www.arechimultiservice.it\/old\/?page_id=2024\",\"name\":\"Verifiche Impianti Termici | Arechi Multiservice\",\"isPartOf\":{\"@id\":\"https:\/\/www.arechimultiservice.it\/old\/#website\"},\"datePublished\":\"2020-11-12T10:47:36+00:00\",\"dateModified\":\"2023-06-06T08:55:05+00:00\",\"breadcrumb\":{\"@id\":\"https:\/\/www.arechimultiservice.it\/old\/?page_id=2024#breadcrumb\"},\"inLanguage\":\"it-IT\",\"potentialAction\":[{\"@type\":\"ReadAction\",\"target\":[\"https:\/\/www.arechimultiservice.it\/old\/?page_id=2024\"]}]},{\"@type\":\"BreadcrumbList\",\"@id\":\"https:\/\/www.arechimultiservice.it\/old\/?page_id=2024#breadcrumb\",\"itemListElement\":[{\"@type\":\"ListItem\",\"position\":1,\"name\":\"Home\",\"item\":\"https:\/\/www.arechimultiservice.it\/old\/\"},{\"@type\":\"ListItem\",\"position\":2,\"name\":\"Attivit\\u00e0\",\"item\":\"https:\/\/www.arechimultiservice.it\/old\/?page_id=1605\"},{\"@type\":\"ListItem\",\"position\":3,\"name\":\"Verifiche Impianti Termici\"}]}]}<\/script>\r\n<!-- \/ Yoast SEO plugin. -->","_links":{"self":[{"href":"https:\/\/www.arechimultiservice.it\/old\/index.php?rest_route=\/wp\/v2\/pages\/2024"}],"collection":[{"href":"https:\/\/www.arechimultiservice.it\/old\/index.php?rest_route=\/wp\/v2\/pages"}],"about":[{"href":"https:\/\/www.arechimultiservice.it\/old\/index.php?rest_route=\/wp\/v2\/types\/page"}],"author":[{"embeddable":true,"href":"https:\/\/www.arechimultiservice.it\/old\/index.php?rest_route=\/wp\/v2\/users\/1"}],"replies":[{"embeddable":true,"href":"https:\/\/www.arechimultiservice.it\/old\/index.php?rest_route=%2Fwp%2Fv2%2Fcomments&post=2024"}],"version-history":[{"count":3,"href":"https:\/\/www.arechimultiservice.it\/old\/index.php?rest_route=\/wp\/v2\/pages\/2024\/revisions"}],"predecessor-version":[{"id":88286,"href":"https:\/\/www.arechimultiservice.it\/old\/index.php?rest_route=\/wp\/v2\/pages\/2024\/revisions\/88286"}],"up":[{"embeddable":true,"href":"https:\/\/www.arechimultiservice.it\/old\/index.php?rest_route=\/wp\/v2\/pages\/1605"}],"wp:attachment":[{"href":"https:\/\/www.arechimultiservice.it\/old\/index.php?rest_route=%2Fwp%2Fv2%2Fmedia&parent=2024"}],"curies":[{"name":"wp","href":"https:\/\/api.w.org\/{rel}","templated":true}]}}